{"id":3,"date":"2023-05-08T09:27:30","date_gmt":"2023-05-08T09:27:30","guid":{"rendered":"https:\/\/centrosmulti.gurumk.com\/?page_id=3"},"modified":"2025-07-04T10:13:12","modified_gmt":"2025-07-04T09:13:12","slug":"aviso-legal","status":"publish","type":"page","link":"https:\/\/uniqflats.com\/en\/aviso-legal\/","title":{"rendered":"Aviso Legal"},"content":{"rendered":"<div class=\"fusion-fullwidth fullwidth-box fusion-builder-row-1 fusion-flex-container nonhundred-percent-fullwidth non-hundred-percent-height-scrolling\" style=\"--awb-border-radius-top-left:0px;--awb-border-radius-top-right:0px;--awb-border-radius-bottom-right:0px;--awb-border-radius-bottom-left:0px;--awb-flex-wrap:wrap;\" ><div class=\"fusion-builder-row fusion-row fusion-flex-align-items-flex-start fusion-flex-content-wrap\" style=\"max-width:1248px;margin-left: calc(-4% \/ 2 );margin-right: calc(-4% \/ 2 );\"><div class=\"fusion-layout-column fusion_builder_column fusion-builder-column-0 fusion_builder_column_1_1 1_1 fusion-flex-column\" style=\"--awb-bg-size:cover;--awb-width-large:100%;--awb-margin-top-large:0px;--awb-spacing-right-large:1.92%;--awb-margin-bottom-large:0px;--awb-spacing-left-large:1.92%;--awb-width-medium:100%;--awb-spacing-right-medium:1.92%;--awb-spacing-left-medium:1.92%;--awb-width-small:100%;--awb-spacing-right-small:1.92%;--awb-spacing-left-small:1.92%;\"><div class=\"fusion-column-wrapper fusion-flex-justify-content-flex-start fusion-content-layout-column\"><div class=\"fusion-text fusion-text-1\"><\/p>\n<p><b>Titular<\/b><\/p>\n<p><span style=\"color: #333333;\">Aviso legal: <\/span><\/p>\n<p><span style=\"background-color: rgba(0, 0, 0, 0);\"><b>UNIQFORM MANAGEMENT SL<\/b><\/span><\/p>\n<p>B42572396<\/p>\n<p>C\/ LUZAN 5, 03002, ALICANTE<\/p>\n<p><b>Objeto<\/b><\/p>\n<p>El sitio web uniqflats.com proporciona informaci\u00f3n sobre los productos que su titular comercializa y sirve como plataforma de venta de dichos productos.<\/p>\n<p><b>Propiedad Intelectual<\/b><\/p>\n<p>Los contenidos de este sitio web, incluyendo, entre otros, im\u00e1genes, logotipos, gr\u00e1ficos, animaciones y textos, cualesquiera que sea su formato, as\u00ed como el nombre de dominio uniqflats.com son propiedad del Titular. En el caso de las marcas en venta en la tienda online, el Titular ha obtenido la autorizaci\u00f3n de sus leg\u00edtimos propietarios para su uso. Dichos contenidos est\u00e1n protegidos por las leyes y tratados internacionales en materia de propiedad intelectual e industrial, as\u00ed como por la normativa reguladora de los nombres de dominio.<\/p>\n<p>Se permite el uso de enlaces a esta web siempre que no supongan un perjuicio para la imagen e intereses del titular.<\/p>\n<p><b>Protecci\u00f3n de Datos de Car\u00e1cter Personal<\/b><\/p>\n<p>Cuando navega por este sitio web, de forma autom\u00e1tica Ud. facilita al servidor de la web informaci\u00f3n relativa a su direcci\u00f3n IP, fecha y hora de acceso, el enlace que le ha reenviado a este sitio web, su sistema operativo y el navegador utilizado. El Titular no puede obtener por s\u00ed solo, ni tiene intenci\u00f3n de hacerlo a menos que se le cause alg\u00fan perjuicio, informaci\u00f3n alguna acerca del titular de la conexi\u00f3n a Internet a la que corresponde. Estos datos, recogidos a trav\u00e9s de cookies, ser\u00e1n guardados y utilizados \u00fanicamente para el control y realizaci\u00f3n de estad\u00edsticas de acceso y visitas al sitio web, y en ning\u00fan caso ser\u00e1n comunicados o cedidos a terceros.<\/p>\n<p>Las cookies pueden ser borradas, aceptadas o bloqueadas seg\u00fan desee, para esto s\u00f3lo debe configurar convenientemente el navegador web.<\/p>\n<p>En caso de que Ud. establezca alg\u00fan tipo de comunicaci\u00f3n con el Titular, ya sea por tel\u00e9fono, fax, correo ordinario o electr\u00f3nico, se suscriba a su bolet\u00edn, se registre como usuario o realice una compra, sus datos ser\u00e1n guardados e incluidos en un fichero propiedad del Titular, con la finalidad de responder a su consulta, sugerencia o queja, informar o prestar el servicio solicitado. Fuera de los casos legalmente establecidos, sus datos no ser\u00e1n comunicados ni cedidos a terceros sin su consentimiento expreso. Dicho fichero se encuentra convenientemente inscrito en el Registro General de la Agencia Espa\u00f1ola de Protecci\u00f3n de Datos y sobre \u00e9l se aplican las medidas t\u00e9cnicas, legales y organizativas establecidas en la normativa sobre protecci\u00f3n de datos de car\u00e1cter personal para evitar cualquier acceso, alteraci\u00f3n, p\u00e9rdida o tratamiento no autorizados.<\/p>\n<p>Tiene Ud. derecho a acceder a dicho fichero para consultar sus datos, rectificarlos o cancelarlos, as\u00ed como a oponerse a todo tratamiento respecto de los mismos, con las excepciones y l\u00edmites establecidos en la legislaci\u00f3n aplicable. En caso de que desee ejercer dichos derechos, dirija una solicitud firmada a la direcci\u00f3n indicada: <span class=\"TextRun SCXW122051505 BCX0\" lang=\"ES-ES\" xml:lang=\"ES-ES\" data-contrast=\"auto\"><span class=\"NormalTextRun SCXW122051505 BCX0\">domicilio social en <\/span><\/span>C\/ LUZAN 5, 03002, ALICANTE junto a una copia de su DNI o env\u00edenos un correo electr\u00f3nico a info@uniqflats.com junto a una copia de su DNI.<\/p>\n<p><b>Limitaci\u00f3n de Responsabilidad<\/b><\/p>\n<p>Los enlaces que aparecen en este sitio web se facilitan con la finalidad de ampliar la informaci\u00f3n. Su inclusi\u00f3n no implica la aceptaci\u00f3n de dichos contenidos, ni la asociaci\u00f3n del Titular con los responsables de dichos sitios web, por lo que rechaza toda responsabilidad en relaci\u00f3n con los mismos, as\u00ed como por los da\u00f1os que pudieran causarse por cualquier motivo en su sistema inform\u00e1tico, documentos o ficheros.<\/p>\n<p>El Titular no garantiza la fiabilidad, disponibilidad o continuidad de este sitio web ni de sus contenidos por motivos t\u00e9cnicos, de seguridad, control o mantenimiento del servicio, por fallos debidos al servidor que aloja los contenidos o de otros intermediarios o proveedores, por ataques contra el sistema inform\u00e1tico, ni por cualesquiera otros motivos que se deriven de causas que escapen a su control, por lo que se exime de cualquier responsabilidad, directa o indirecta, por los mismos.<\/p>\n<p><b>Modificaciones y Actualizaciones<\/b><\/p>\n<p>El Titular se reserva la facultad de efectuar, en cualquier momento y sin necesidad de previo aviso, modificaciones y actualizaciones de la informaci\u00f3n y productos contenidos en el sitio web, de la configuraci\u00f3n, disponibilidad y presentaci\u00f3n de \u00e9ste, as\u00ed como del presente Aviso Legal.<\/p>\n<p><b>Art\u00edculos seg\u00fan disponibilidad<\/b><\/p>\n<p>La fecha de entrega m\u00e1xima se establece en 72 horas, pudiendo demorarse la fecha de entrega de algunos productos seg\u00fan su disponibilidad. Consulte las posibilidades de entrega con el servicio de atenci\u00f3n al cliente.<\/p>\n<p><b>Ley aplicable y foro <\/b><\/p>\n<p>Las cuestiones relacionadas con el uso de esta web o sus contenidos se regir\u00e1n y ser\u00e1n interpretadas conforme al presente Aviso Legal y la legislaci\u00f3n espa\u00f1ola, someti\u00e9ndose las partes, salvo en los casos en que no est\u00e9 legalmente permitido, a la jurisdicci\u00f3n de los Juzgados y Tribunales de la ciudad de Alicante (Espa\u00f1a), con renuncia de forma expresa a cualquier otro foro que pudiera corresponderles.<\/p><\/p>\n<\/div><\/div><\/div><\/div><\/div>","protected":false},"excerpt":{"rendered":"","protected":false},"author":1,"featured_media":0,"parent":0,"menu_order":0,"comment_status":"closed","ping_status":"open","template":"","meta":{"footnotes":""},"class_list":["post-3","page","type-page","status-publish","hentry"],"yoast_head":"<!-- This site is optimized with the Yoast SEO plugin v22.2 - https:\/\/yoast.com\/wordpress\/plugins\/seo\/ -->\n<title>Aviso Legal - uniQflats<\/title>\n<meta name=\"robots\" content=\"index, follow, max-snippet:-1, max-image-preview:large, max-video-preview:-1\" \/>\n<link rel=\"canonical\" href=\"https:\/\/uniqflats.com\/en\/aviso-legal\/\" \/>\n<meta property=\"og:locale\" content=\"en_GB\" \/>\n<meta property=\"og:type\" content=\"article\" \/>\n<meta property=\"og:title\" content=\"Aviso Legal - uniQflats\" \/>\n<meta property=\"og:url\" content=\"https:\/\/uniqflats.com\/en\/aviso-legal\/\" \/>\n<meta property=\"og:site_name\" content=\"uniQflats\" \/>\n<meta property=\"article:modified_time\" content=\"2025-07-04T09:13:12+00:00\" \/>\n<meta name=\"twitter:card\" content=\"summary_large_image\" \/>\n<meta name=\"twitter:label1\" content=\"Estimated reading time\" \/>\n\t<meta name=\"twitter:data1\" content=\"5 minutes\" \/>\n<script type=\"application\/ld+json\" class=\"yoast-schema-graph\">{\"@context\":\"https:\/\/schema.org\",\"@graph\":[{\"@type\":\"WebPage\",\"@id\":\"https:\/\/uniqflats.com\/aviso-legal\/\",\"url\":\"https:\/\/uniqflats.com\/aviso-legal\/\",\"name\":\"Aviso Legal - uniQflats\",\"isPartOf\":{\"@id\":\"https:\/\/uniqflats.com\/#website\"},\"datePublished\":\"2023-05-08T09:27:30+00:00\",\"dateModified\":\"2025-07-04T09:13:12+00:00\",\"breadcrumb\":{\"@id\":\"https:\/\/uniqflats.com\/aviso-legal\/#breadcrumb\"},\"inLanguage\":\"en-GB\",\"potentialAction\":[{\"@type\":\"ReadAction\",\"target\":[\"https:\/\/uniqflats.com\/aviso-legal\/\"]}]},{\"@type\":\"BreadcrumbList\",\"@id\":\"https:\/\/uniqflats.com\/aviso-legal\/#breadcrumb\",\"itemListElement\":[{\"@type\":\"ListItem\",\"position\":1,\"name\":\"Portada\",\"item\":\"https:\/\/uniqflats.com\/\"},{\"@type\":\"ListItem\",\"position\":2,\"name\":\"Aviso Legal\"}]},{\"@type\":\"WebSite\",\"@id\":\"https:\/\/uniqflats.com\/#website\",\"url\":\"https:\/\/uniqflats.com\/\",\"name\":\"uniQflats\",\"description\":\"\",\"potentialAction\":[{\"@type\":\"SearchAction\",\"target\":{\"@type\":\"EntryPoint\",\"urlTemplate\":\"https:\/\/uniqflats.com\/?s={search_term_string}\"},\"query-input\":\"required name=search_term_string\"}],\"inLanguage\":\"en-GB\"}]}<\/script>\n<!-- \/ Yoast SEO plugin. -->","yoast_head_json":{"title":"Aviso Legal - uniQflats","robots":{"index":"index","follow":"follow","max-snippet":"max-snippet:-1","max-image-preview":"max-image-preview:large","max-video-preview":"max-video-preview:-1"},"canonical":"https:\/\/uniqflats.com\/en\/aviso-legal\/","og_locale":"en_GB","og_type":"article","og_title":"Aviso Legal - uniQflats","og_url":"https:\/\/uniqflats.com\/en\/aviso-legal\/","og_site_name":"uniQflats","article_modified_time":"2025-07-04T09:13:12+00:00","twitter_card":"summary_large_image","twitter_misc":{"Estimated reading time":"5 minutes"},"schema":{"@context":"https:\/\/schema.org","@graph":[{"@type":"WebPage","@id":"https:\/\/uniqflats.com\/aviso-legal\/","url":"https:\/\/uniqflats.com\/aviso-legal\/","name":"Aviso Legal - uniQflats","isPartOf":{"@id":"https:\/\/uniqflats.com\/#website"},"datePublished":"2023-05-08T09:27:30+00:00","dateModified":"2025-07-04T09:13:12+00:00","breadcrumb":{"@id":"https:\/\/uniqflats.com\/aviso-legal\/#breadcrumb"},"inLanguage":"en-GB","potentialAction":[{"@type":"ReadAction","target":["https:\/\/uniqflats.com\/aviso-legal\/"]}]},{"@type":"BreadcrumbList","@id":"https:\/\/uniqflats.com\/aviso-legal\/#breadcrumb","itemListElement":[{"@type":"ListItem","position":1,"name":"Portada","item":"https:\/\/uniqflats.com\/"},{"@type":"ListItem","position":2,"name":"Aviso Legal"}]},{"@type":"WebSite","@id":"https:\/\/uniqflats.com\/#website","url":"https:\/\/uniqflats.com\/","name":"uniQflats","description":"","potentialAction":[{"@type":"SearchAction","target":{"@type":"EntryPoint","urlTemplate":"https:\/\/uniqflats.com\/?s={search_term_string}"},"query-input":"required name=search_term_string"}],"inLanguage":"en-GB"}]}},"_links":{"self":[{"href":"https:\/\/uniqflats.com\/en\/wp-json\/wp\/v2\/pages\/3","targetHints":{"allow":["GET"]}}],"collection":[{"href":"https:\/\/uniqflats.com\/en\/wp-json\/wp\/v2\/pages"}],"about":[{"href":"https:\/\/uniqflats.com\/en\/wp-json\/wp\/v2\/types\/page"}],"author":[{"embeddable":true,"href":"https:\/\/uniqflats.com\/en\/wp-json\/wp\/v2\/users\/1"}],"replies":[{"embeddable":true,"href":"https:\/\/uniqflats.com\/en\/wp-json\/wp\/v2\/comments?post=3"}],"version-history":[{"count":4,"href":"https:\/\/uniqflats.com\/en\/wp-json\/wp\/v2\/pages\/3\/revisions"}],"predecessor-version":[{"id":2973,"href":"https:\/\/uniqflats.com\/en\/wp-json\/wp\/v2\/pages\/3\/revisions\/2973"}],"wp:attachment":[{"href":"https:\/\/uniqflats.com\/en\/wp-json\/wp\/v2\/media?parent=3"}],"curies":[{"name":"wp","href":"https:\/\/api.w.org\/{rel}","templated":true}]}}