{"id":2975,"date":"2025-08-06T15:28:19","date_gmt":"2025-08-06T14:28:19","guid":{"rendered":"https:\/\/uniqflats.com\/?page_id=2975"},"modified":"2025-09-12T13:52:35","modified_gmt":"2025-09-12T12:52:35","slug":"terminos-y-condiciones","status":"publish","type":"page","link":"https:\/\/uniqflats.com\/en\/terminos-y-condiciones\/","title":{"rendered":"T\u00e9rminos y condiciones"},"content":{"rendered":"<div class=\"fusion-fullwidth fullwidth-box fusion-builder-row-1 fusion-flex-container has-pattern-background has-mask-background nonhundred-percent-fullwidth non-hundred-percent-height-scrolling\" style=\"--awb-border-radius-top-left:0px;--awb-border-radius-top-right:0px;--awb-border-radius-bottom-right:0px;--awb-border-radius-bottom-left:0px;--awb-flex-wrap:wrap;\" ><div class=\"fusion-builder-row fusion-row fusion-flex-align-items-flex-start fusion-flex-content-wrap\" style=\"max-width:1248px;margin-left: calc(-4% \/ 2 );margin-right: calc(-4% \/ 2 );\"><div class=\"fusion-layout-column fusion_builder_column fusion-builder-column-0 fusion_builder_column_1_1 1_1 fusion-flex-column\" style=\"--awb-bg-size:cover;--awb-width-large:100%;--awb-margin-top-large:0px;--awb-spacing-right-large:1.92%;--awb-margin-bottom-large:20px;--awb-spacing-left-large:1.92%;--awb-width-medium:100%;--awb-order-medium:0;--awb-spacing-right-medium:1.92%;--awb-spacing-left-medium:1.92%;--awb-width-small:100%;--awb-order-small:0;--awb-spacing-right-small:1.92%;--awb-spacing-left-small:1.92%;\"><div class=\"fusion-column-wrapper fusion-column-has-shadow fusion-flex-justify-content-flex-start fusion-content-layout-column\"><div class=\"fusion-title title fusion-title-1 fusion-sep-none fusion-title-text fusion-title-size-two\"><h2 class=\"fusion-title-heading title-heading-left\" style=\"margin:0;\"><b>T\u00e9rminos y condiciones<\/b><\/h2><\/div><div class=\"fusion-text fusion-text-1\"><p><span style=\"font-weight: 400;\">CONDICIONES DE PAGO DE LA RESERVA:<\/span><\/p>\n<p><span style=\"font-weight: 400;\">El cliente tendr\u00e1 que dar su tarjeta de cr\u00e9dito como garant\u00eda de pago, para garantizar la reserva se har\u00e1 un cargo en la tarjeta de cr\u00e9dito indicada del 50 % hasta 100% de la reserva. <\/span><span style=\"background-color: rgba(0, 0, 0, 0);\"><b>El resto (si se realiza s\u00f3lo el 50% del pago) de la reserva se abonar\u00e1 1 d\u00eda antes de la llegada mediante tarjeta (Requerimiento de pago) o transferencia bancaria.<\/b><\/span><\/p>\n<p><span style=\"font-weight: 400;\">El Alojamiento se reserva el derecho de pre-autorizar la tarjeta de cr\u00e9dito antes de la fecha de entrada. *<\/span><span style=\"font-weight: 400;\"><br \/><\/span><span style=\"font-weight: 400;\">En algunos casos el hotel se reserva el derecho de cobrar el importe de la primera noche de estancia, previamente consensuado con el cliente.<\/span><\/p>\n<p><span style=\"font-weight: 400;\">* Para garantizar su reserva es necesaria una tarjeta de cr\u00e9dito valida. El hotel se reserva el derecho de cancelar tu reserva si la tarjeta de garant\u00eda no lo fuera.<\/span><\/p>\n<p><span style=\"font-weight: 400;\">INFORMACI\u00d3N SOBRE LA PREAUTORIZACI\u00d3N<\/span><\/p>\n<ol>\n<li><span style=\"font-weight: 400;\"> \u00bfQu\u00e9 es una pre-autorizaci\u00f3n?<\/span><span style=\"font-weight: 400;\"><br \/><\/span><span style=\"font-weight: 400;\">Cuando haces una reserva, hay ocasiones en las que el hotel se pondr\u00e1 en contacto con la empresa emisora de tu tarjeta de cr\u00e9dito (o d\u00e9bito) para confirmar que la tarjeta que est\u00e1s usando es v\u00e1lida y que no se ha notificado ninguna p\u00e9rdida o robo de la misma. Tambi\u00e9n, podr\u00edan comprobar si la tarjeta tiene dinero suficiente para cubrir la transacci\u00f3n. Esto se hace mediante la pre-autorizaci\u00f3n del importe total de tu reserva. Sin embargo, el hotel a\u00fan no har\u00e1 el cargo. El cargo en tu tarjeta se realizar\u00e1 de acuerdo con los t\u00e9rminos y condiciones de tu reserva.<\/span><\/li>\n<li><span style=\"font-weight: 400;\"> \u00bfCu\u00e1l es la diferencia entre pre-autorizaci\u00f3n y cargo real en mi tarjeta de cr\u00e9dito?<\/span><span style=\"font-weight: 400;\"><br \/><\/span><span style=\"font-weight: 400;\">Las preautorizaciones son muy comunes pero, a veces, se pueden confundir con los cargos reales. Cuando compras en una tienda con tu tarjeta, el importe total de tu compra se carga inmediatamente y se deduce de tu saldo disponible. Sin embargo, en las preautorizaciones solo se bloquea temporalmente el dinero. La duraci\u00f3n del bloqueo podr\u00eda variar y la empresa emisora de tu tarjeta podr\u00e1 aconsejarte sobre qu\u00e9 hacer en estos casos.<\/span><\/li>\n<li><span style=\"font-weight: 400;\"> \u00bfC\u00f3mo puedo saber si se ha hecho una preautorizaci\u00f3n en mi tarjeta?<\/span><span style=\"font-weight: 400;\"><br \/><\/span><span style=\"font-weight: 400;\">El importe de tu reserva se descontar\u00e1 temporalmente de tu saldo disponible. Adem\u00e1s, ver\u00e1s qe hay \u0093transacciones pendientes\u0094 en el resumen de movimientos de tu cuenta. Tanto el hotel como la empresa emisora de tu tarjeta pueden verificar si se ha realizado una preautorizaci\u00f3n.<\/span><\/li>\n<li><span style=\"font-weight: 400;\"> \u00bfDurante cu\u00e1nto tiempo afectar\u00e1 la pre-autorizaci\u00f3n a mi saldo disponible?<\/span><span style=\"font-weight: 400;\"><br \/><\/span><span style=\"font-weight: 400;\">La empresa emisora de tu tarjeta de cr\u00e9dito podr\u00e1 ofrecerte una respuesta m\u00e1s concreta de acuerdo con las condiciones generales asociadas a sus procedimientos de pre-autorizaci\u00f3n. Estas condiciones cambian dependiendo del caso, por lo que es mejor contactar con la empresa emisora de tu tarjeta para conseguir informaci\u00f3n m\u00e1s detallada.<\/span><\/li>\n<\/ol>\n<p><span style=\"font-weight: 400;\">* Para garantizar su reserva es necesaria una tarjeta de cr\u00e9dito valida. El hotel se reserva el derecho de cancelar tu reserva si la tarjeta de garant\u00eda no lo fuera.<\/span><\/p>\n<p><span style=\"font-weight: 400;\">CONDICIONES DE CANCELACI\u00d3N:<\/span><\/p>\n<p><b>&#8211; Las reservas est\u00e1ndar tienen cancelaci\u00f3n gratuita si se notifican con al menos 10 d\u00edas de antelaci\u00f3n a la llegada.<\/b><\/p>\n<p><b>Los hu\u00e9spedes deben solicitarla enviando un correo electr\u00f3nico a: uniqflats.alicante@gmail.com.<\/b><\/p>\n<p><b>El importe abonado se reembolsar\u00e1 de la misma forma en que se realiz\u00f3.<\/b><\/p>\n<p><b>&#8211; Para cualquier cancelaci\u00f3n entre 10 y 1 d\u00edas antes de la llegada, se aplicar\u00e1 una penalizaci\u00f3n del 50%.<\/b><\/p>\n<ol>\n<li style=\"font-weight: 400;\" aria-level=\"1\"><span style=\"font-weight: 400;\">Tarifa Reembolsable:<\/span><\/li>\n<\/ol>\n<p><span style=\"font-weight: 400;\">Si el hu\u00e9sped no se presenta antes de las 6:00 a.m. del d\u00eda siguiente, o no realiza la cancelaci\u00f3n en la fecha de check in, el establecimiento cobrar\u00e1 la estad\u00eda completa.<\/span><\/p>\n<ol>\n<li style=\"font-weight: 400;\" aria-level=\"1\"><span style=\"font-weight: 400;\">Tarifa no reembolsable:<\/span><\/li>\n<\/ol>\n<p><span style=\"font-weight: 400;\">Reserva que no admite modificaciones ni cancelaciones.<\/span><\/p>\n<p><span style=\"font-weight: 400;\">MODIFICACI\u00d3N DE LA RESERVA:<\/span><span style=\"font-weight: 400;\"><br \/><\/span><span style=\"font-weight: 400;\">Se atender\u00e1n las modificaciones de reservas siempre que dicha modificaci\u00f3n sea anunciada con tiempo y de forma que no altere las restantes reservas que la casa tenga para esas fechas. Deber\u00e1n estar de acuerdo ambas partes, y se enviar\u00e1 un nuevo justificante de reserva, para cualquier tipo de modificaci\u00f3n por favor ponerse en contacto con en este +34 689 55 55 30. Atendemos whatsapp.<\/span><\/p><\/p>\n<\/div><\/div><\/div><\/div><\/div>","protected":false},"excerpt":{"rendered":"","protected":false},"author":1,"featured_media":0,"parent":0,"menu_order":0,"comment_status":"closed","ping_status":"closed","template":"100-width.php","meta":{"footnotes":""},"class_list":["post-2975","page","type-page","status-publish","hentry"],"yoast_head":"<!-- This site is optimized with the Yoast SEO plugin v22.2 - https:\/\/yoast.com\/wordpress\/plugins\/seo\/ -->\n<title>T\u00e9rminos y condiciones - uniQflats<\/title>\n<meta name=\"robots\" content=\"index, follow, max-snippet:-1, max-image-preview:large, max-video-preview:-1\" \/>\n<link rel=\"canonical\" href=\"https:\/\/uniqflats.com\/en\/terminos-y-condiciones\/\" \/>\n<meta property=\"og:locale\" content=\"en_GB\" \/>\n<meta property=\"og:type\" content=\"article\" \/>\n<meta property=\"og:title\" content=\"T\u00e9rminos y condiciones - uniQflats\" \/>\n<meta property=\"og:url\" content=\"https:\/\/uniqflats.com\/en\/terminos-y-condiciones\/\" \/>\n<meta property=\"og:site_name\" content=\"uniQflats\" \/>\n<meta property=\"article:modified_time\" content=\"2025-09-12T12:52:35+00:00\" \/>\n<meta name=\"twitter:card\" content=\"summary_large_image\" \/>\n<script type=\"application\/ld+json\" class=\"yoast-schema-graph\">{\"@context\":\"https:\/\/schema.org\",\"@graph\":[{\"@type\":\"WebPage\",\"@id\":\"https:\/\/uniqflats.com\/terminos-y-condiciones\/\",\"url\":\"https:\/\/uniqflats.com\/terminos-y-condiciones\/\",\"name\":\"T\u00e9rminos y condiciones - uniQflats\",\"isPartOf\":{\"@id\":\"https:\/\/uniqflats.com\/#website\"},\"datePublished\":\"2025-08-06T14:28:19+00:00\",\"dateModified\":\"2025-09-12T12:52:35+00:00\",\"breadcrumb\":{\"@id\":\"https:\/\/uniqflats.com\/terminos-y-condiciones\/#breadcrumb\"},\"inLanguage\":\"en-GB\",\"potentialAction\":[{\"@type\":\"ReadAction\",\"target\":[\"https:\/\/uniqflats.com\/terminos-y-condiciones\/\"]}]},{\"@type\":\"BreadcrumbList\",\"@id\":\"https:\/\/uniqflats.com\/terminos-y-condiciones\/#breadcrumb\",\"itemListElement\":[{\"@type\":\"ListItem\",\"position\":1,\"name\":\"Portada\",\"item\":\"https:\/\/uniqflats.com\/\"},{\"@type\":\"ListItem\",\"position\":2,\"name\":\"T\u00e9rminos y condiciones\"}]},{\"@type\":\"WebSite\",\"@id\":\"https:\/\/uniqflats.com\/#website\",\"url\":\"https:\/\/uniqflats.com\/\",\"name\":\"uniQflats\",\"description\":\"\",\"potentialAction\":[{\"@type\":\"SearchAction\",\"target\":{\"@type\":\"EntryPoint\",\"urlTemplate\":\"https:\/\/uniqflats.com\/?s={search_term_string}\"},\"query-input\":\"required name=search_term_string\"}],\"inLanguage\":\"en-GB\"}]}<\/script>\n<!-- \/ Yoast SEO plugin. -->","yoast_head_json":{"title":"T\u00e9rminos y condiciones - uniQflats","robots":{"index":"index","follow":"follow","max-snippet":"max-snippet:-1","max-image-preview":"max-image-preview:large","max-video-preview":"max-video-preview:-1"},"canonical":"https:\/\/uniqflats.com\/en\/terminos-y-condiciones\/","og_locale":"en_GB","og_type":"article","og_title":"T\u00e9rminos y condiciones - uniQflats","og_url":"https:\/\/uniqflats.com\/en\/terminos-y-condiciones\/","og_site_name":"uniQflats","article_modified_time":"2025-09-12T12:52:35+00:00","twitter_card":"summary_large_image","schema":{"@context":"https:\/\/schema.org","@graph":[{"@type":"WebPage","@id":"https:\/\/uniqflats.com\/terminos-y-condiciones\/","url":"https:\/\/uniqflats.com\/terminos-y-condiciones\/","name":"T\u00e9rminos y condiciones - uniQflats","isPartOf":{"@id":"https:\/\/uniqflats.com\/#website"},"datePublished":"2025-08-06T14:28:19+00:00","dateModified":"2025-09-12T12:52:35+00:00","breadcrumb":{"@id":"https:\/\/uniqflats.com\/terminos-y-condiciones\/#breadcrumb"},"inLanguage":"en-GB","potentialAction":[{"@type":"ReadAction","target":["https:\/\/uniqflats.com\/terminos-y-condiciones\/"]}]},{"@type":"BreadcrumbList","@id":"https:\/\/uniqflats.com\/terminos-y-condiciones\/#breadcrumb","itemListElement":[{"@type":"ListItem","position":1,"name":"Portada","item":"https:\/\/uniqflats.com\/"},{"@type":"ListItem","position":2,"name":"T\u00e9rminos y condiciones"}]},{"@type":"WebSite","@id":"https:\/\/uniqflats.com\/#website","url":"https:\/\/uniqflats.com\/","name":"uniQflats","description":"","potentialAction":[{"@type":"SearchAction","target":{"@type":"EntryPoint","urlTemplate":"https:\/\/uniqflats.com\/?s={search_term_string}"},"query-input":"required name=search_term_string"}],"inLanguage":"en-GB"}]}},"_links":{"self":[{"href":"https:\/\/uniqflats.com\/en\/wp-json\/wp\/v2\/pages\/2975","targetHints":{"allow":["GET"]}}],"collection":[{"href":"https:\/\/uniqflats.com\/en\/wp-json\/wp\/v2\/pages"}],"about":[{"href":"https:\/\/uniqflats.com\/en\/wp-json\/wp\/v2\/types\/page"}],"author":[{"embeddable":true,"href":"https:\/\/uniqflats.com\/en\/wp-json\/wp\/v2\/users\/1"}],"replies":[{"embeddable":true,"href":"https:\/\/uniqflats.com\/en\/wp-json\/wp\/v2\/comments?post=2975"}],"version-history":[{"count":7,"href":"https:\/\/uniqflats.com\/en\/wp-json\/wp\/v2\/pages\/2975\/revisions"}],"predecessor-version":[{"id":2987,"href":"https:\/\/uniqflats.com\/en\/wp-json\/wp\/v2\/pages\/2975\/revisions\/2987"}],"wp:attachment":[{"href":"https:\/\/uniqflats.com\/en\/wp-json\/wp\/v2\/media?parent=2975"}],"curies":[{"name":"wp","href":"https:\/\/api.w.org\/{rel}","templated":true}]}}