{"id":2152,"date":"2023-09-27T09:38:07","date_gmt":"2023-09-27T09:38:07","guid":{"rendered":"https:\/\/centrosmulti.gurumk.com\/?page_id=2152"},"modified":"2023-09-27T09:38:07","modified_gmt":"2023-09-27T09:38:07","slug":"politica-de-cookies","status":"publish","type":"page","link":"https:\/\/uniqflats.com\/en\/politica-de-cookies\/","title":{"rendered":"Pol\u00edtica de cookies"},"content":{"rendered":"<p><b>Pol\u00edtica de Cookies\u00a0<\/b><\/p>\r\n\r\n\r\n\r\n<h3><b>INFORMACI\u00d3N AL USUARIO<\/b><\/h3>\r\n\r\n\r\n\r\n<p>A la aceptaci\u00f3n de los presentes T\u00e9rminos y Condiciones de Uso, el Usuario reconoce y acepta haber le\u00eddo, comprendido y aceptado nuestra Pol\u00edtica de Privacidad, Protecci\u00f3n de Datos y Pol\u00edtica de Cookies.<\/p>\r\n<p>En Polirecuperados utilizamos cookies con el objetivo de prestar un mejor servicio y proporcionarte una mejor experiencia en tu navegaci\u00f3n. Queremos informarte de manera clara y precisa sobre las cookies que utilizamos, detallando a continuaci\u00f3n, qu\u00e9 es una cookie, para qu\u00e9 sirve, qu\u00e9 tipos de cookies utilizamos, cu\u00e1les son su finalidad y c\u00f3mo puedes configurarlas o deshabilitarlas, si as\u00ed lo deseas.<\/p>\r\n<p><b>\u00bfQU\u00c9 SON LAS COOKIES?<\/b><\/p>\r\n<p>Una cookie es un fichero que se descarga en su ordenador al acceder a determinadas p\u00e1ginas web. Las cookies permiten a una p\u00e1gina web, entre otras cosas, almacenar y recuperar informaci\u00f3n sobre los h\u00e1bitos de navegaci\u00f3n de un usuario o de su equipo y, dependiendo de la informaci\u00f3n que contengan y de la forma en que utilice su equipo, pueden utilizarse para reconocer al usuario.<\/p>\r\n<p>\u00bfQU\u00c9 TIPOS DE COOKIES UTILIZA ESTA P\u00c1GINA WEB?<\/p>\r\n\r\n\r\n\r\n<p><b>SEG\u00daN LA ENTIDAD QUE LA GESTIONA<\/b><\/p>\r\n<ul>\r\n<li>Cookies propias: Son aqu\u00e9llas que se env\u00edan al equipo terminal del usuario desde un equipo o dominio gestionado por el propio editor y desde el que se presta el servicio solicitado por el usuario.<\/li>\r\n<li>Cookies de terceros: Son aqu\u00e9llas que se env\u00edan al equipo terminal del usuario desde un equipo o dominio que no es gestionado por el editor, sino por otra entidad que trata los datos obtenidos a trav\u00e9s de las cookies.<\/li>\r\n<\/ul>\r\n<p><b>SEG\u00daN EL PLAZO DE TIEMPO QUE PERMANECEN ACTIVADAS<\/b><\/p>\r\n<ul>\r\n<li>Cookies de sesi\u00f3n: Son un tipo de cookies dise\u00f1adas para recabar y almacenar datos mientras el usuario accede a una p\u00e1gina web.<\/li>\r\n<li>Cookies persistentes: Son un tipo de cookies en las que los datos siguen almacenados en el terminal y pueden ser accedidos y tratados durante un periodo definido por el responsable de la cookie, y que puede ir de unos minutos a varios a\u00f1os.<\/li>\r\n<\/ul>\r\n<p><b>SEG\u00daN SU FINALIDAD<\/b><\/p>\r\n<ul>\r\n<li>Cookies de an\u00e1lisis: Son aqu\u00e9llas que, bien tratadas por nosotros o por terceros, nos permiten cuantificar el n\u00famero de usuarios y as\u00ed realizar la medici\u00f3n y an\u00e1lisis estad\u00edstico de la utilizaci\u00f3n que hacen los usuarios del servicio ofertado.<\/li>\r\n<li>Para ello, se analiza su navegaci\u00f3n en nuestra p\u00e1gina web, con el fin de mejorar la oferta de productos o servicios que le ofrecemos.<\/li>\r\n<li>Cookies publicitarias: Son aqu\u00e9llas que permiten la gesti\u00f3n, de la forma m\u00e1s eficaz posible, de los espacios publicitarios que, en su caso, el editor haya incluido en una p\u00e1gina web, aplicaci\u00f3n o plataforma desde la que presta el servicio solicitado en base a criterios como el contenido editado o la frecuencia en la que se muestran los anuncios.<\/li>\r\n<li>Cookies de publicidad comportamental: Son aqu\u00e9llas que permiten la gesti\u00f3n, de la forma m\u00e1s eficaz posible, de los espacios publicitarios que, en su caso, el editor haya incluido en una p\u00e1gina web, aplicaci\u00f3n o plataforma desde la que presta el servicio solicitado. Estas cookies almacenan informaci\u00f3n del comportamiento de los usuarios obtenida a trav\u00e9s de la observaci\u00f3n continuada de sus h\u00e1bitos de navegaci\u00f3n, lo que permite desarrollar un perfil espec\u00edfico para mostrar publicidad en funci\u00f3n del mismo.<\/li>\r\n<li>Asimismo, es posible que al visitar alguna pagina web o al abrir alg\u00fan email donde se publique alg\u00fan anuncio o alguna promoci\u00f3n sobre nuestros productos o servicios se instale en tu navegador alguna cookie que nos sirve para mostrarte posteriormente publicidad relacionada con la b\u00fasqueda que hayas realizado, desarrollar un control de nuestros anuncios en relaci\u00f3n, por ejemplo, con el n\u00famero de veces que son vistos, d\u00f3nde aparecen, a qu\u00e9 hora se ven, etc.<\/li>\r\n<\/ul>\r\n<p><b>REVOCACI\u00d3N Y ELIMINACI\u00d3N DE COOKIES<\/b><\/p>\r\n<p>Usted puede permitir, bloquear o eliminar las cookies instaladas en su equipo mediante la configuraci\u00f3n de las opciones del navegador instalado en su ordenador. En caso de que no permita la instalaci\u00f3n de cookies en su navegador, es posible que no pueda acceder a alguna de las secciones de nuestra web.<\/p>\r\n<p>En los siguientes enlaces tienes a tu disposici\u00f3n toda la informaci\u00f3n para configurar o deshabilitar tus cookies en cada navegador:<\/p>\r\n<ul>\r\n<li><a href=\"http:\/\/support.google.com\/chrome\/answer\/95647?hl=es\">Google Chrome<\/a><\/li>\r\n<li><a href=\"http:\/\/support.mozilla.org\/es\/kb\/habilitar-y-deshabilitar-cookies-que-los-sitios-we\">Mozilla Firefox<\/a><\/li>\r\n<li><a href=\"http:\/\/windows.microsoft.com\/es-es\/windows-vista\/block-or-allow-cookies\">Internet Explorer<\/a><\/li>\r\n<li><a href=\"http:\/\/support.apple.com\/kb\/ht1677?viewlocale=es_es\">Safari para IOS (iPhone y iPad)<\/a><\/li>\r\n<li><a href=\"http:\/\/support.google.com\/chrome\/answer\/2392971?hl=es\">Chrome para Android<\/a><\/li>\r\n<\/ul>\r\n<p><b>TERCEROS PRESTADORES DE SERVICIOS<\/b><\/p>\r\n<p>En concreto, los terceros prestadores de servicios con los que hemos contratado alg\u00fan servicio para el que es necesario la utilizaci\u00f3n de cookies son:<\/p>\r\n<table>\r\n<tbody>\r\n<tr>\r\n<td colspan=\"4\">\r\n<p>RELACI\u00d3N DE TERCEROS PRESTADORES DE SERVICIOS DE COOKIES EN EL DOMINIO WWW.POLIRECUPERADOS.COM\u00a0<\/p>\r\n<\/td>\r\n<\/tr>\r\n<tr>\r\n<td>\r\n<p>NOMBRE DEL PROVEEDOR<\/p>\r\n<\/td>\r\n<td>\r\n<p>FINALIDAD DE LA COOKIE<\/p>\r\n<\/td>\r\n<td>\r\n<p>DESCRIPCI\u00d3N DE LA FINALIDAD DE LA COOKIE<\/p>\r\n<\/td>\r\n<td>\r\n<p>SI DESEA M\u00c1S INFORMACI\u00d3N SOBRE EL USO DE LAS COOKIES DE ESTE TERCERO<\/p>\r\n<\/td>\r\n<\/tr>\r\n<tr>\r\n<td>\r\n<p>Google<\/p>\r\n<\/td>\r\n<td>\r\n<p>Publicidad<\/p>\r\n<\/td>\r\n<td>\r\n<p>Doubleclick es usado para gestionar las cookies de terceros. Estas cookies son usadas para proveer a los usuarios de productos relevantes que puedan ser de su inter\u00e9s. Los anuncios que ven los usuarios de la p\u00e1gina web son atendidos por una peque\u00f1a selecci\u00f3n de proveedores, incluyendo Invitemedia, Adviva.net, MSN, Google Display and Unanimis.<\/p>\r\n<\/td>\r\n<td>\r\n<p><a href=\"http:\/\/www.google.com\/doubleclick\/\">Click aqu\u00ed<\/a><\/p>\r\n<\/td>\r\n<\/tr>\r\n<tr>\r\n<td>\r\n<p>Google<\/p>\r\n<\/td>\r\n<td>\r\n<p>Anal\u00edticas<\/p>\r\n<\/td>\r\n<td>\r\n<p>Cookies de Google Analytics. Generan un ID de usuario an\u00f3nimo, que es el que se utiliza para hacer recuento de cu\u00e1ntas veces visita el sitio un usuario. Tambi\u00e9n registra cu\u00e1ndo fue la primera y la \u00faltima vez que visit\u00f3 la web. Asimismo, calcula cuando se ha terminado una sesi\u00f3n, origen del usuario, y keywords.<\/p>\r\n<\/td>\r\n<td>\r\n<p><a href=\"https:\/\/developers.google.com\/analytics\/devguides\/collection\/analyticsjs\/cookie-usage\">Click aqu\u00ed<\/a><\/p>\r\n<\/td>\r\n<\/tr>\r\n<tr>\r\n<td>\r\n<p>Google Adwords<\/p>\r\n<\/td>\r\n<td>\r\n<p>Publicidad<\/p>\r\n<\/td>\r\n<td>\r\n<p>Usamos cookies de Google AdWords para proveer a los usuarios de productos relevantes que pueden ser de su inter\u00e9s por haber visitado la web anteriormente.<\/p>\r\n<\/td>\r\n<td>\r\n<p><a href=\"https:\/\/www.google.com\/settings\/u\/0\/ads?hl=es&amp;sig=ACi0TCgsmXPjsGuTH_3QASFtb9YI2f1cjBGPyT9Jfj9r5p0GYIWwQmLZO046YIv2UsoBHdW3HJiIHmYbcLHFnCiJCW8zKYn5NLaAAZYLXtrKj7rOycDRpjsPJ6DQcFH9bHPNjUSj8fl6xgpAiCFQghdeYXdO4LTYmDVPvavau4a3Ir9DI-2TVppUcr20CzrgA3DnCX-E-PdP\">Click aqu\u00ed<\/a><\/p>\r\n<\/td>\r\n<\/tr>\r\n<tr>\r\n<td>\r\n<p>Facebook<\/p>\r\n<\/td>\r\n<td>\r\n<p>Publicidad<\/p>\r\n<\/td>\r\n<td>\r\n<p>Usamos cookies de Facebook Ads para hacer seguimiento de la actividad publicitaria en la red de Facebook y poder ofrecer publicidad adaptada al usuario.<\/p>\r\n<\/td>\r\n<td>\r\n<p><a href=\"https:\/\/www.facebook.com\/about\/privacy\/cookies\">Click aqu\u00ed<\/a><\/p>\r\n<\/td>\r\n<\/tr>\r\n<tr>\r\n<td>\r\n<p>Facebook<\/p>\r\n<\/td>\r\n<td>\r\n<p>Anal\u00edticas<\/p>\r\n<\/td>\r\n<td>\r\n<p>Cookies de Facebook. Generan un ID de usuario an\u00f3nimo, que es el que se utiliza para hacer recuento de cu\u00e1ntas veces visita el sitio un usuario.<\/p>\r\n<\/td>\r\n<td>\r\n<p><a href=\"https:\/\/www.facebook.com\/about\/privacy\/cookies\">Click aqu\u00ed<\/a><\/p>\r\n<\/td>\r\n<\/tr>\r\n<\/tbody>\r\n<\/table>\r\n<p>&nbsp;<\/p>\r\n<table>\r\n<tbody>\r\n<tr>\r\n<td>\r\n<p>Google Tag Manager (Google, Inc.)<\/p>\r\n<\/td>\r\n<td>\r\n<p>Recopila informaci\u00f3n relacionada sobre las p\u00e1ginas y secciones visitadas en DEPORR para temas publicitarios<\/p>\r\n<\/td>\r\n<\/tr>\r\n<\/tbody>\r\n<\/table>\r\n<p>NOTA: Esta lista se actualizar\u00e1 con la mayor celeridad posible a medida que cambien los servicios del sitio web ofrecidos en el mismo. Sin embargo, ocasionalmente, durante esta actualizaci\u00f3n puede ser que la lista no incluya ya una cookie, aunque siempre se referir\u00e1 a cookies con prop\u00f3sitos id\u00e9nticos a los registrados en esta lista.<\/p>\r\n<p><b>CONSENTIMIENTO<\/b><\/p>\r\n<p>En Polirecuperados nunca guardamos los datos personales de nuestros usuarios, a excepci\u00f3n de la direcci\u00f3n IP de acuerdo a lo descrito anteriormente, salvo que quieras registrarte, de forma voluntaria con el fin de realizar compras de los productos y servicios que ponemos a tu disposici\u00f3n o de recibir informaci\u00f3n sobre promociones y contenidos de tu inter\u00e9s.<\/p>\r\n<p>Al navegar y continuar en nuestra web nos indicas que est\u00e1s consintiendo el uso de las cookies antes enunciadas, y en las condiciones contenidas en la presente Pol\u00edtica de Cookies.<\/p>\r\n<p>Si deseas m\u00e1s informaci\u00f3n sobre el uso de cookies puedes solicitarnosla a trav\u00e9s del nuestro formulario de contacto.<\/p>","protected":false},"excerpt":{"rendered":"<p>Pol\u00edtica de Cookies\u00a0 INFORMACI\u00d3N AL USUARIO A la aceptaci\u00f3n de [&hellip;]<\/p>","protected":false},"author":1,"featured_media":0,"parent":0,"menu_order":0,"comment_status":"closed","ping_status":"closed","template":"100-width.php","meta":{"footnotes":""},"class_list":["post-2152","page","type-page","status-publish","hentry"],"yoast_head":"<!-- This site is optimized with the Yoast SEO plugin v22.2 - https:\/\/yoast.com\/wordpress\/plugins\/seo\/ -->\n<title>Pol\u00edtica de cookies - uniQflats<\/title>\n<meta name=\"robots\" content=\"index, follow, max-snippet:-1, max-image-preview:large, max-video-preview:-1\" \/>\n<link rel=\"canonical\" href=\"https:\/\/uniqflats.com\/en\/politica-de-cookies\/\" \/>\n<meta property=\"og:locale\" content=\"en_GB\" \/>\n<meta property=\"og:type\" content=\"article\" \/>\n<meta property=\"og:title\" content=\"Pol\u00edtica de cookies - uniQflats\" \/>\n<meta property=\"og:description\" content=\"Pol\u00edtica de Cookies\u00a0 INFORMACI\u00d3N AL USUARIO A la aceptaci\u00f3n de [&hellip;]\" \/>\n<meta property=\"og:url\" content=\"https:\/\/uniqflats.com\/en\/politica-de-cookies\/\" \/>\n<meta property=\"og:site_name\" content=\"uniQflats\" \/>\n<meta name=\"twitter:card\" content=\"summary_large_image\" \/>\n<meta name=\"twitter:label1\" content=\"Estimated reading time\" \/>\n\t<meta name=\"twitter:data1\" content=\"6 minutes\" \/>\n<script type=\"application\/ld+json\" class=\"yoast-schema-graph\">{\"@context\":\"https:\/\/schema.org\",\"@graph\":[{\"@type\":\"WebPage\",\"@id\":\"https:\/\/uniqflats.com\/politica-de-cookies\/\",\"url\":\"https:\/\/uniqflats.com\/politica-de-cookies\/\",\"name\":\"Pol\u00edtica de cookies - uniQflats\",\"isPartOf\":{\"@id\":\"https:\/\/uniqflats.com\/#website\"},\"datePublished\":\"2023-09-27T09:38:07+00:00\",\"dateModified\":\"2023-09-27T09:38:07+00:00\",\"breadcrumb\":{\"@id\":\"https:\/\/uniqflats.com\/politica-de-cookies\/#breadcrumb\"},\"inLanguage\":\"en-GB\",\"potentialAction\":[{\"@type\":\"ReadAction\",\"target\":[\"https:\/\/uniqflats.com\/politica-de-cookies\/\"]}]},{\"@type\":\"BreadcrumbList\",\"@id\":\"https:\/\/uniqflats.com\/politica-de-cookies\/#breadcrumb\",\"itemListElement\":[{\"@type\":\"ListItem\",\"position\":1,\"name\":\"Portada\",\"item\":\"https:\/\/uniqflats.com\/\"},{\"@type\":\"ListItem\",\"position\":2,\"name\":\"Pol\u00edtica de cookies\"}]},{\"@type\":\"WebSite\",\"@id\":\"https:\/\/uniqflats.com\/#website\",\"url\":\"https:\/\/uniqflats.com\/\",\"name\":\"uniQflats\",\"description\":\"\",\"potentialAction\":[{\"@type\":\"SearchAction\",\"target\":{\"@type\":\"EntryPoint\",\"urlTemplate\":\"https:\/\/uniqflats.com\/?s={search_term_string}\"},\"query-input\":\"required name=search_term_string\"}],\"inLanguage\":\"en-GB\"}]}<\/script>\n<!-- \/ Yoast SEO plugin. -->","yoast_head_json":{"title":"Pol\u00edtica de cookies - uniQflats","robots":{"index":"index","follow":"follow","max-snippet":"max-snippet:-1","max-image-preview":"max-image-preview:large","max-video-preview":"max-video-preview:-1"},"canonical":"https:\/\/uniqflats.com\/en\/politica-de-cookies\/","og_locale":"en_GB","og_type":"article","og_title":"Pol\u00edtica de cookies - uniQflats","og_description":"Pol\u00edtica de Cookies\u00a0 INFORMACI\u00d3N AL USUARIO A la aceptaci\u00f3n de [&hellip;]","og_url":"https:\/\/uniqflats.com\/en\/politica-de-cookies\/","og_site_name":"uniQflats","twitter_card":"summary_large_image","twitter_misc":{"Estimated reading time":"6 minutes"},"schema":{"@context":"https:\/\/schema.org","@graph":[{"@type":"WebPage","@id":"https:\/\/uniqflats.com\/politica-de-cookies\/","url":"https:\/\/uniqflats.com\/politica-de-cookies\/","name":"Pol\u00edtica de cookies - uniQflats","isPartOf":{"@id":"https:\/\/uniqflats.com\/#website"},"datePublished":"2023-09-27T09:38:07+00:00","dateModified":"2023-09-27T09:38:07+00:00","breadcrumb":{"@id":"https:\/\/uniqflats.com\/politica-de-cookies\/#breadcrumb"},"inLanguage":"en-GB","potentialAction":[{"@type":"ReadAction","target":["https:\/\/uniqflats.com\/politica-de-cookies\/"]}]},{"@type":"BreadcrumbList","@id":"https:\/\/uniqflats.com\/politica-de-cookies\/#breadcrumb","itemListElement":[{"@type":"ListItem","position":1,"name":"Portada","item":"https:\/\/uniqflats.com\/"},{"@type":"ListItem","position":2,"name":"Pol\u00edtica de cookies"}]},{"@type":"WebSite","@id":"https:\/\/uniqflats.com\/#website","url":"https:\/\/uniqflats.com\/","name":"uniQflats","description":"","potentialAction":[{"@type":"SearchAction","target":{"@type":"EntryPoint","urlTemplate":"https:\/\/uniqflats.com\/?s={search_term_string}"},"query-input":"required name=search_term_string"}],"inLanguage":"en-GB"}]}},"_links":{"self":[{"href":"https:\/\/uniqflats.com\/en\/wp-json\/wp\/v2\/pages\/2152","targetHints":{"allow":["GET"]}}],"collection":[{"href":"https:\/\/uniqflats.com\/en\/wp-json\/wp\/v2\/pages"}],"about":[{"href":"https:\/\/uniqflats.com\/en\/wp-json\/wp\/v2\/types\/page"}],"author":[{"embeddable":true,"href":"https:\/\/uniqflats.com\/en\/wp-json\/wp\/v2\/users\/1"}],"replies":[{"embeddable":true,"href":"https:\/\/uniqflats.com\/en\/wp-json\/wp\/v2\/comments?post=2152"}],"version-history":[{"count":1,"href":"https:\/\/uniqflats.com\/en\/wp-json\/wp\/v2\/pages\/2152\/revisions"}],"predecessor-version":[{"id":2266,"href":"https:\/\/uniqflats.com\/en\/wp-json\/wp\/v2\/pages\/2152\/revisions\/2266"}],"wp:attachment":[{"href":"https:\/\/uniqflats.com\/en\/wp-json\/wp\/v2\/media?parent=2152"}],"curies":[{"name":"wp","href":"https:\/\/api.w.org\/{rel}","templated":true}]}}